{"id":6,"date":"2016-11-06T22:54:01","date_gmt":"2016-11-06T21:54:01","guid":{"rendered":"http:\/\/lunipop.fr\/?page_id=6"},"modified":"2016-12-30T17:51:57","modified_gmt":"2016-12-30T16:51:57","slug":"rubrique-1","status":"publish","type":"page","link":"https:\/\/lunipop.fr\/?page_id=6","title":{"rendered":"2. Mode d&#8217;emploi"},"content":{"rendered":"<p style=\"text-align: justify;\">La plupart des contenus propos\u00e9s dans la partie <a href=\"https:\/\/lunipop.fr\/?page_id=8\"><em>Cours et<\/em> <em>Expos\u00e9s<\/em><\/a> reposent sur des travaux d&rsquo;analyse ou de synth\u00e8se r\u00e9alis\u00e9s au sein des diff\u00e9rentes associations que regroupe l&rsquo;Universit\u00e9 des classes populaires. Certains contenus rel\u00e8vent aussi de contributions ext\u00e9rieures, anciennes ou r\u00e9centes, de sp\u00e9cialistes reconnus, dont on pr\u00e9sente les apports essentiels.<\/p>\n<p style=\"text-align: justify;\">Les principales contributions proviennent du <a href=\"http:\/\/www.lecsh.org\"><em>Centre de Sociologie Historique<\/em><\/a> (CSH), de la <em>Soci\u00e9t\u00e9 Populaire d&rsquo;Education<\/em> (SPE), de <em>l&rsquo;Union de Lutte des Classes Populaires<\/em> (ULCP), du <em>Centre d&rsquo;Analyse Politique Economique et Sociale<\/em> (CAPES). Lorsqu&rsquo;il s&rsquo;agit de propositions th\u00e9oriques ou de travaux individuels particuli\u00e8rement originaux, les noms des auteurs peuvent \u00eatre mentionn\u00e9s.<\/p>\n<p style=\"text-align: justify;\">L\u2019usage de ce site n\u2019a d\u2019int\u00e9r\u00eat que si l\u2019on s\u2019approprie chaque contenu dans sa logique propre, en s\u2019effor\u00e7ant d\u2019\u00e9tablir des liens avec les autres contenus dispens\u00e9s. Une telle appropriation des contenus n\u2019interdit nullement une critique raisonn\u00e9e, elle la favorise au contraire. Les liens ont \u00e9t\u00e9 r\u00e9duits au maximum, afin de r\u00e9duire l&rsquo;effet \u00ab zapping \u00bb.<\/p>\n<p style=\"text-align: justify;\">Certains textes sont d\u2019acc\u00e8s relativement facile, d\u2019autres m\u00e9ritent une attention soutenue. Les difficult\u00e9s proviennent le plus souvent des sujets trait\u00e9s, et non d\u2019une volont\u00e9 de rendre les connaissances accessibles seulement \u00e0 une \u201c\u00e9lite\u201d. En aucun cas, au pr\u00e9texte qu\u2019il s\u2019agit de <em>l\u2019Universit\u00e9 des classes populaires<\/em>, les th\u00e8mes abord\u00e9s ne peuvent \u00eatre consid\u00e9r\u00e9s comme des connaissances \u00ab au rabais \u00bb.<\/p>\n<p style=\"text-align: justify;\">Pour s\u2019approprier de la meilleure fa\u00e7on possible les contenus, le plus simple est de les imprimer et de les r\u00e9unir (par exemple en classeurs). Il existe aussi des publications (\u00e0 prix modique) pour certains des textes propos\u00e9s, on en signalera les r\u00e9f\u00e9rences.<\/p>\n<p style=\"text-align: justify;\">Dans certaines r\u00e9gions, des relais de <em>l\u2019Universit\u00e9 des classes populaires<\/em> (cours et groupes de travail) seront constitu\u00e9s.<\/p>\n<p>Les cours sont de difficult\u00e9 variable :<br \/>\n* Accessible sans connaissances particuli\u00e8res<br \/>\n** Demande quelques connaissances<br \/>\n*** Difficile, mais m\u00e9rite un effort de lecture<\/p>\n<p>Pour tous les articles, merci de mentionner la source : [Universit\u00e9 des Classes Populaires, www.lunipop.fr]<\/p>\n ","protected":false},"excerpt":{"rendered":"<p>La plupart des contenus propos\u00e9s dans la partie Cours et Expos\u00e9s reposent sur des travaux d&rsquo;analyse ou de synth\u00e8se r\u00e9alis\u00e9s au sein des diff\u00e9rentes associations que regroupe l&rsquo;Universit\u00e9 des classes populaires. Certains contenus rel\u00e8vent aussi de contributions ext\u00e9rieures, anciennes ou r\u00e9centes, de sp\u00e9cialistes reconnus, dont on pr\u00e9sente les apports essentiels. Les principales contributions proviennent du [&hellip;]<\/p>\n","protected":false},"author":1,"featured_media":0,"parent":0,"menu_order":2,"comment_status":"closed","ping_status":"closed","template":"","meta":{"footnotes":""},"class_list":["post-6","page","type-page","status-publish","hentry"],"jetpack_sharing_enabled":true,"_links":{"self":[{"href":"https:\/\/lunipop.fr\/index.php?rest_route=\/wp\/v2\/pages\/6","targetHints":{"allow":["GET"]}}],"collection":[{"href":"https:\/\/lunipop.fr\/index.php?rest_route=\/wp\/v2\/pages"}],"about":[{"href":"https:\/\/lunipop.fr\/index.php?rest_route=\/wp\/v2\/types\/page"}],"author":[{"embeddable":true,"href":"https:\/\/lunipop.fr\/index.php?rest_route=\/wp\/v2\/users\/1"}],"replies":[{"embeddable":true,"href":"https:\/\/lunipop.fr\/index.php?rest_route=%2Fwp%2Fv2%2Fcomments&post=6"}],"version-history":[{"count":23,"href":"https:\/\/lunipop.fr\/index.php?rest_route=\/wp\/v2\/pages\/6\/revisions"}],"predecessor-version":[{"id":514,"href":"https:\/\/lunipop.fr\/index.php?rest_route=\/wp\/v2\/pages\/6\/revisions\/514"}],"wp:attachment":[{"href":"https:\/\/lunipop.fr\/index.php?rest_route=%2Fwp%2Fv2%2Fmedia&parent=6"}],"curies":[{"name":"wp","href":"https:\/\/api.w.org\/{rel}","templated":true}]}}