{"id":312,"date":"2016-12-26T14:51:25","date_gmt":"2016-12-26T13:51:25","guid":{"rendered":"http:\/\/lunipop.fr\/?page_id=312"},"modified":"2018-11-05T09:59:37","modified_gmt":"2018-11-05T08:59:37","slug":"pages-dhistoire","status":"publish","type":"page","link":"https:\/\/lunipop.fr\/?page_id=312","title":{"rendered":"Pages d&rsquo;histoire"},"content":{"rendered":"<p><strong>La R\u00e9volution fran\u00e7aise &#8211; Repr\u00e9sentations (1789-1940)<\/strong><br \/>\n<strong>Grands courants de la contre-r\u00e9volution<\/strong><br \/>\n<strong>La r\u00e9volution de 1848 et la question de l\u2019h\u00e9g\u00e9monie<\/strong><br \/>\n<strong>Le mouvement ouvrier et socialiste fran\u00e7ais (1830-1914)<\/strong><br \/>\n<strong>Le mouvement socialiste en Russie (XIXe si\u00e8cle) et la formation du Parti communiste<\/strong><br \/>\n<a href=\"https:\/\/lunipop.fr\/?p=971\"><strong>1907. L\u00e9nine. <em>Le programme agraire de la Social-D\u00e9mocratie\u00a0<\/em><\/strong><strong><em>dans la premi\u00e8re r\u00e9volution russe de 1905-1907<\/em><\/strong><\/a><br \/>\n<a href=\"https:\/\/lunipop.fr\/?p=542\"><strong>Juin 1914. L\u2019attentat de Sarajevo. Le point de vue serbe<\/strong><\/a><br \/>\n<a href=\"https:\/\/lunipop.fr\/?p=964\"><strong>1916. L\u2019Islam et la politique des Alli\u00e9s. Le probl\u00e8me du Khalifat<\/strong><\/a><br \/>\n<a href=\"https:\/\/lunipop.fr\/?p=776\"><strong>1916. Quelques aspects de la rivalit\u00e9 entre puissances au Moyen-Orient<\/strong><\/a><br \/>\n<span style=\"color: #0000ff;\"><strong>1916. <a style=\"color: #0000ff;\" href=\"https:\/\/lunipop.fr\/?p=902\">Ren\u00e9 Pichon, <em>La suppression des Arm\u00e9niens, m\u00e9thode allemande, travail turc<\/em><\/a><\/strong><\/span><br \/>\n<strong><span style=\"color: #0000ff;\">1917.<\/span> <a href=\"https:\/\/lunipop.fr\/?p=937\">Autonomie, Autod\u00e9termination des peuples, Droit des peuples \u00e0 disposer d\u2019eux-m\u00eames, chez Wilson et L\u00e9nine<\/a><\/strong><br \/>\n<a href=\"https:\/\/lunipop.fr\/?p=867\"><strong>1917-1946. L&rsquo;antisovi\u00e9tisme<\/strong><\/a><br \/>\n<strong>Le mouvement ouvrier dans l\u2019entre-deux-guerres<\/strong><br \/>\n<strong><a href=\"https:\/\/lunipop.fr\/?p=959\">La crise de 1929 et la question du \u00ab\u00a0repartage\u00a0\u00bb du monde<\/a> (plusieurs textes et archives)<\/strong><br \/>\n<a href=\"https:\/\/lunipop.fr\/?p=961\"><strong>1929. La grande crise capitaliste. Donn\u00e9es \u00e9conomiques et effets politiques<\/strong><\/a><br \/>\n<span style=\"color: #0000ff;\"><a style=\"color: #0000ff;\" href=\"https:\/\/lunipop.fr\/?p=933\"><strong>1933-1945. \u00ab Nouvelle Europe \u00bb, \u00ab Autonomie r\u00e9gionale \u00bb \u00ab Paix \u00bb<\/strong><\/a><\/span><br \/>\n<a href=\"https:\/\/lunipop.fr\/?p=540\"><strong><span style=\"color: #0000ff;\">1934. L\u2019<\/span>analyse sovi\u00e9tique de la crise g\u00e9n\u00e9rale du capitalisme<\/strong><\/a><br \/>\n<strong>1936-1939. Les enjeux de la guerre d\u2019Espagne<\/strong><br \/>\n<strong>1936. Le Front populaire dans son contexte (contradictions sociales et rivalit\u00e9s imp\u00e9rialistes)<\/strong><br \/>\n<a href=\"https:\/\/lunipop.fr\/?p=899\"><strong>1936-1941. Gabriel P\u00e9ri. Une analyse de la situation historique<\/strong><\/a><br \/>\n<a href=\"https:\/\/lunipop.fr\/?p=711\"><strong>1937. Dialogue sur les causes premi\u00e8res <\/strong><\/a><br \/>\n<strong><a href=\"https:\/\/lunipop.fr\/?p=865\">1938. Tch\u00e9coslovaquie. Proc\u00e9d\u00e9s pour d\u00e9membrer un \u00e9tat souverain<\/a><\/strong><br \/>\n<strong>Le Pacte germano-sovi\u00e9tique<\/strong><br \/>\n<a href=\"https:\/\/lunipop.fr\/?p=451\"><strong>Les doubles jeux imp\u00e9rialistes, plus sp\u00e9cialement \u00e0 l\u2019\u00e9gard du \u201ccamp\u201d sovi\u00e9tique<\/strong><\/a><br \/>\n<a href=\"https:\/\/lunipop.fr\/?p=463\"><strong>1940-1941 Le r\u00e9gime de Vichy et l&rsquo;URSS<\/strong><\/a><br \/>\n<a href=\"https:\/\/lunipop.fr\/?p=545\"><strong>France 1941, vision de l&rsquo;Europe<\/strong><\/a><br \/>\n<a href=\"https:\/\/lunipop.fr\/?p=461\"><strong>1940-1944 La revue allemande <em>Signal<\/em> et l&rsquo;URSS<\/strong><\/a><br \/>\n<strong><a href=\"https:\/\/lunipop.fr\/?p=930\">1940-1944 Partis et mouvements de la collaboration<\/a><\/strong><br \/>\n<strong>1942. Le proc\u00e8s de Riom<\/strong><br \/>\n<a href=\"https:\/\/lunipop.fr\/?p=725\"><strong>1944 Moscou, d\u00e9cembre<\/strong><strong>. <\/strong><strong>Entretiens entre de Gaulle et Staline<\/strong><\/a><br \/>\n<strong><a href=\"https:\/\/lunipop.fr\/?p=457\">1963.\u00a0<\/a><a href=\"https:\/\/lunipop.fr\/?p=457\">Divergences entre le PCC et le PCUS<\/a><\/strong><br \/>\n<a href=\"https:\/\/lunipop.fr\/?p=459\"><strong>1967. La guerre des Six jours<\/strong><\/a><br \/>\n<strong><a href=\"https:\/\/lunipop.fr\/?p=455\">Mai 68 comme, un \u00ab\u00a0\u00e9v\u00e9nement\u00a0\u00bb hors de l\u2019histoire\u00a0<\/a>?<\/strong><br \/>\n<a href=\"https:\/\/lunipop.fr\/?p=772\"><strong>Repr\u00e9sentations communes de 1968<\/strong><\/a><br \/>\n<a href=\"https:\/\/lunipop.fr\/?p=774\"><strong>ann\u00e9es 1990.\u00a0<em>D\u2019une guerre \u00e0 l\u2019autre<\/em><em>.\u00a0<\/em><em>La politique allemande et le morcellement ethnique de l\u2019Europe<\/em><\/strong><\/a><br \/>\n<a href=\"https:\/\/lunipop.fr\/?p=453\"><strong>2008. Causes de la crise g\u00e9n\u00e9rale du capitalisme <\/strong><\/a><\/p>\n ","protected":false},"excerpt":{"rendered":"<p>La R\u00e9volution fran\u00e7aise &#8211; Repr\u00e9sentations (1789-1940) Grands courants de la contre-r\u00e9volution La r\u00e9volution de 1848 et la question de l\u2019h\u00e9g\u00e9monie Le mouvement ouvrier et socialiste fran\u00e7ais (1830-1914) Le mouvement socialiste en Russie (XIXe si\u00e8cle) et la formation du Parti communiste 1907. L\u00e9nine. Le programme agraire de la Social-D\u00e9mocratie\u00a0dans la premi\u00e8re r\u00e9volution russe de 1905-1907 Juin [&hellip;]<\/p>\n","protected":false},"author":1,"featured_media":0,"parent":11,"menu_order":0,"comment_status":"closed","ping_status":"closed","template":"","meta":{"footnotes":""},"class_list":["post-312","page","type-page","status-publish","hentry"],"jetpack_sharing_enabled":true,"_links":{"self":[{"href":"https:\/\/lunipop.fr\/index.php?rest_route=\/wp\/v2\/pages\/312","targetHints":{"allow":["GET"]}}],"collection":[{"href":"https:\/\/lunipop.fr\/index.php?rest_route=\/wp\/v2\/pages"}],"about":[{"href":"https:\/\/lunipop.fr\/index.php?rest_route=\/wp\/v2\/types\/page"}],"author":[{"embeddable":true,"href":"https:\/\/lunipop.fr\/index.php?rest_route=\/wp\/v2\/users\/1"}],"replies":[{"embeddable":true,"href":"https:\/\/lunipop.fr\/index.php?rest_route=%2Fwp%2Fv2%2Fcomments&post=312"}],"version-history":[{"count":23,"href":"https:\/\/lunipop.fr\/index.php?rest_route=\/wp\/v2\/pages\/312\/revisions"}],"predecessor-version":[{"id":992,"href":"https:\/\/lunipop.fr\/index.php?rest_route=\/wp\/v2\/pages\/312\/revisions\/992"}],"up":[{"embeddable":true,"href":"https:\/\/lunipop.fr\/index.php?rest_route=\/wp\/v2\/pages\/11"}],"wp:attachment":[{"href":"https:\/\/lunipop.fr\/index.php?rest_route=%2Fwp%2Fv2%2Fmedia&parent=312"}],"curies":[{"name":"wp","href":"https:\/\/api.w.org\/{rel}","templated":true}]}}