{"id":266,"date":"2016-12-04T18:58:31","date_gmt":"2016-12-04T17:58:31","guid":{"rendered":"http:\/\/lunipop.fr\/?page_id=266"},"modified":"2018-11-05T09:34:24","modified_gmt":"2018-11-05T08:34:24","slug":"notions","status":"publish","type":"page","link":"https:\/\/lunipop.fr\/?page_id=266","title":{"rendered":"Notions"},"content":{"rendered":"<p>Autod\u00e9termination des peuples<br \/>\n<a href=\"https:\/\/lunipop.fr\/?p=675\">Autonomie (Ordre des ~s)<\/a><br \/>\nAutogestion<br \/>\n<a href=\"https:\/\/lunipop.fr\/?p=269\">Barbarie \/ Civilisation<\/a><br \/>\n<a href=\"https:\/\/lunipop.fr\/?p=766\">Capitalisme<\/a><br \/>\n<a href=\"https:\/\/lunipop.fr\/?p=769\">Classe sociale<\/a><br \/>\n<a href=\"https:\/\/lunipop.fr\/?p=858\">Cit\u00e9, citoyen<\/a><br \/>\n<a href=\"https:\/\/lunipop.fr\/?p=272\">Communisme<\/a><br \/>\n<a href=\"https:\/\/lunipop.fr\/?p=531\">Communautaire<\/a><br \/>\nConscience politique<br \/>\n<a href=\"https:\/\/lunipop.fr\/?p=365\"> Crise<\/a><br \/>\n<a href=\"https:\/\/lunipop.fr\/?p=599\">D\u00e9finition conceptuelle<\/a><br \/>\nD\u00e9terminisme \/ Libre arbitre (en politique)<br \/>\n<a href=\"https:\/\/lunipop.fr\/?p=274\">Dette publique<\/a><br \/>\n<a href=\"https:\/\/lunipop.fr\/?p=527\">Droit au travail<\/a><br \/>\n\u00c9tat<br \/>\nEurope (sans le peuple)<br \/>\n<a href=\"https:\/\/lunipop.fr\/?p=277\">Fascisme<\/a><br \/>\nGuerre des m\u00e9moires<br \/>\nGuerres mondiales (enjeux)<br \/>\n<a href=\"https:\/\/lunipop.fr\/?p=976\">Identit\u00e9 nationale<\/a><br \/>\n<a href=\"https:\/\/lunipop.fr\/?p=370\"> Imp\u00e9rialisme<\/a><br \/>\nLa\u00efcit\u00e9<br \/>\n<a href=\"https:\/\/lunipop.fr\/?p=534\">Libre-arbitre<\/a><br \/>\nMentalit\u00e9s<br \/>\n<a href=\"https:\/\/lunipop.fr\/?p=591\">Mode de production<\/a><br \/>\nMode de production capitaliste<br \/>\n<a href=\"https:\/\/lunipop.fr\/?p=596\">Mode de production socialiste<\/a><br \/>\n<a href=\"https:\/\/lunipop.fr\/?p=380\"> Mondialisation<\/a><br \/>\nNation<br \/>\n&#8211; <a href=\"https:\/\/lunipop.fr\/?p=973\">Nation et classes<\/a><br \/>\n<a href=\"https:\/\/lunipop.fr\/?p=675\">Ordre des autonomies<\/a><br \/>\n<a href=\"https:\/\/lunipop.fr\/?p=861\">Peuple<\/a><br \/>\nPolitique<br \/>\nProduction \/ r\u00e9partition<br \/>\n<a href=\"https:\/\/lunipop.fr\/?p=279\">Propagande<\/a><br \/>\n<a href=\"https:\/\/lunipop.fr\/?p=281\">R\u00e9publique<\/a><br \/>\n<a href=\"https:\/\/lunipop.fr\/?p=283\">R\u00e9volution<\/a><br \/>\n<a href=\"https:\/\/lunipop.fr\/?p=286\">Souverainet\u00e9<\/a><br \/>\nStrat\u00e9gie et tactique (en politique)<br \/>\n<a href=\"https:\/\/lunipop.fr\/?p=918\">Travail concret, travail abstrait<\/a><\/p>\n ","protected":false},"excerpt":{"rendered":"<p>Autod\u00e9termination des peuples Autonomie (Ordre des ~s) Autogestion Barbarie \/ Civilisation Capitalisme Classe sociale Cit\u00e9, citoyen Communisme Communautaire Conscience politique Crise D\u00e9finition conceptuelle D\u00e9terminisme \/ Libre arbitre (en politique) Dette publique Droit au travail \u00c9tat Europe (sans le peuple) Fascisme Guerre des m\u00e9moires Guerres mondiales (enjeux) Identit\u00e9 nationale Imp\u00e9rialisme La\u00efcit\u00e9 Libre-arbitre Mentalit\u00e9s Mode de production [&hellip;]<\/p>\n","protected":false},"author":1,"featured_media":0,"parent":11,"menu_order":0,"comment_status":"closed","ping_status":"closed","template":"","meta":{"footnotes":""},"class_list":["post-266","page","type-page","status-publish","hentry"],"jetpack_sharing_enabled":true,"_links":{"self":[{"href":"https:\/\/lunipop.fr\/index.php?rest_route=\/wp\/v2\/pages\/266","targetHints":{"allow":["GET"]}}],"collection":[{"href":"https:\/\/lunipop.fr\/index.php?rest_route=\/wp\/v2\/pages"}],"about":[{"href":"https:\/\/lunipop.fr\/index.php?rest_route=\/wp\/v2\/types\/page"}],"author":[{"embeddable":true,"href":"https:\/\/lunipop.fr\/index.php?rest_route=\/wp\/v2\/users\/1"}],"replies":[{"embeddable":true,"href":"https:\/\/lunipop.fr\/index.php?rest_route=%2Fwp%2Fv2%2Fcomments&post=266"}],"version-history":[{"count":32,"href":"https:\/\/lunipop.fr\/index.php?rest_route=\/wp\/v2\/pages\/266\/revisions"}],"predecessor-version":[{"id":983,"href":"https:\/\/lunipop.fr\/index.php?rest_route=\/wp\/v2\/pages\/266\/revisions\/983"}],"up":[{"embeddable":true,"href":"https:\/\/lunipop.fr\/index.php?rest_route=\/wp\/v2\/pages\/11"}],"wp:attachment":[{"href":"https:\/\/lunipop.fr\/index.php?rest_route=%2Fwp%2Fv2%2Fmedia&parent=266"}],"curies":[{"name":"wp","href":"https:\/\/api.w.org\/{rel}","templated":true}]}}