{"id":2,"date":"2016-11-06T22:07:58","date_gmt":"2016-11-06T21:07:58","guid":{"rendered":"http:\/\/lunipop.fr\/?page_id=2"},"modified":"2016-12-30T17:27:29","modified_gmt":"2016-12-30T16:27:29","slug":"page-d-exemple","status":"publish","type":"page","link":"https:\/\/lunipop.fr\/","title":{"rendered":"Nos objectifs"},"content":{"rendered":"<p style=\"text-align: justify;\"><em>Pour transformer le monde, comprendre son mouvement\u00a0 <\/em><\/p>\n<p style=\"text-align: justify;\">Dans l\u2019ensemble de la soci\u00e9t\u00e9, plus sp\u00e9cialement au sein des classes populaires, le besoin se fait sentir de disposer de connaissances, de rep\u00e8res, d\u2019outils, qui permettent de comprendre le mouvement du monde, d\u2019\u00e9lever la conscience, de s\u2019orienter.<\/p>\n<p style=\"text-align: justify;\">L\u2019<em>Universit\u00e9 des classes populaires<\/em> se propose de r\u00e9pondre \u00e0 ce besoin, ou du moins d\u2019y contribuer. Le projet s\u2019inscrit dans la perspective d\u2019un devenir possible\u00a0: celui d\u2019un ressaisissement de l\u2019initiative historique par les classes populaires. En coop\u00e9ration avec tous ceux qui participent de cet objectif, <em>l\u2019Universit\u00e9 des classes populaires<\/em> vise \u00e0 r\u00e9unir et diffuser un ensemble de connaissances, coh\u00e9rentes, unitaires, capables de soutenir une telle perspective. Les contenus dispens\u00e9s en mati\u00e8re d\u2019\u00e9conomie, de politique, de philosophie, de th\u00e9orie de la connaissance, prendront appui sur les acquis de la culture humaine la plus universelle, comme sur les conceptions du monde qui continuent de promouvoir un devenir d\u2019\u00e9mancipation. Ils prendront aussi appui, plus modestement, sur le travail men\u00e9 depuis plus de quarante ans par la <em>Soci\u00e9t\u00e9 populaire d\u2019\u00e9ducation<\/em>, <em>l\u2019Union de lutte des classes populaires<\/em>, le <em>Centre de Sociologie Historique<\/em>, le <em>Centre d&rsquo;analyse politique, \u00e9conomique et sociale<\/em>, et d\u2019autres associations amies, travail men\u00e9 en toute ind\u00e9pendance \u00e0 l\u2019\u00e9gard des courants politiques et des c\u00e9nacles intellectuels au go\u00fbt du jour, mais toujours en relation avec les pr\u00e9occupations essentielles formul\u00e9es au sein des classes populaires.<\/p>\n<p style=\"text-align: justify; padding-left: 30px;\">\u00ab\u00a0Ce n\u2019est qu\u2019en entrant en contact avec les probl\u00e8mes vitaux qui se posent au peuple [et par suite, \u00e0 l\u2019ensemble de la soci\u00e9t\u00e9] qu\u2019une conception du monde\u00a0devient historique\u00a0\u00bb (d\u2019apr\u00e8s Gramsci).<\/p>\n<p style=\"text-align: justify;\">Plus g\u00e9n\u00e9ralement, le Site de <em>l\u2019Universit\u00e9 des classes populaires<\/em> est destin\u00e9 \u00e0 ceux qui veulent acqu\u00e9rir des connaissances coh\u00e9rentes sur les th\u00e9ories et r\u00e9alit\u00e9s sociales et politiques, sans se limiter \u00e0 l&rsquo;imm\u00e9diat. Les \u00e9l\u00e9ments de connaissance qui y sont pr\u00e9sent\u00e9s ont \u00e9t\u00e9 \u00e9labor\u00e9s avec ce m\u00eame souci de coh\u00e9rence. Ils r\u00e9pondent aux besoins de ceux qui savent qu\u2019on ne peut envisager de transformation du monde sans conna\u00eetre les raisons essentielles de son mouvement.<\/p>\n<p style=\"text-align: justify;\">Nous \u00e9crire\u00a0: <a href=\"mailto:lunipop2017@gmail.com\">lunipop2017@gmail.com<\/a><\/p>\n ","protected":false},"excerpt":{"rendered":"<p>Pour transformer le monde, comprendre son mouvement\u00a0 Dans l\u2019ensemble de la soci\u00e9t\u00e9, plus sp\u00e9cialement au sein des classes populaires, le besoin se fait sentir de disposer de connaissances, de rep\u00e8res, d\u2019outils, qui permettent de comprendre le mouvement du monde, d\u2019\u00e9lever la conscience, de s\u2019orienter. L\u2019Universit\u00e9 des classes populaires se propose de r\u00e9pondre \u00e0 ce besoin, [&hellip;]<\/p>\n","protected":false},"author":1,"featured_media":0,"parent":0,"menu_order":0,"comment_status":"closed","ping_status":"open","template":"","meta":{"footnotes":""},"class_list":["post-2","page","type-page","status-publish","hentry"],"jetpack_sharing_enabled":true,"_links":{"self":[{"href":"https:\/\/lunipop.fr\/index.php?rest_route=\/wp\/v2\/pages\/2","targetHints":{"allow":["GET"]}}],"collection":[{"href":"https:\/\/lunipop.fr\/index.php?rest_route=\/wp\/v2\/pages"}],"about":[{"href":"https:\/\/lunipop.fr\/index.php?rest_route=\/wp\/v2\/types\/page"}],"author":[{"embeddable":true,"href":"https:\/\/lunipop.fr\/index.php?rest_route=\/wp\/v2\/users\/1"}],"replies":[{"embeddable":true,"href":"https:\/\/lunipop.fr\/index.php?rest_route=%2Fwp%2Fv2%2Fcomments&post=2"}],"version-history":[{"count":4,"href":"https:\/\/lunipop.fr\/index.php?rest_route=\/wp\/v2\/pages\/2\/revisions"}],"predecessor-version":[{"id":511,"href":"https:\/\/lunipop.fr\/index.php?rest_route=\/wp\/v2\/pages\/2\/revisions\/511"}],"wp:attachment":[{"href":"https:\/\/lunipop.fr\/index.php?rest_route=%2Fwp%2Fv2%2Fmedia&parent=2"}],"curies":[{"name":"wp","href":"https:\/\/api.w.org\/{rel}","templated":true}]}}